{"id":482,"date":"2025-09-22T23:14:27","date_gmt":"2025-09-22T23:14:27","guid":{"rendered":"https:\/\/crc-consulting.lat\/?page_id=482"},"modified":"2025-11-07T22:20:21","modified_gmt":"2025-11-07T22:20:21","slug":"formacion-ejecutiva","status":"publish","type":"page","link":"https:\/\/crc-consulting.lat\/it\/formacion-ejecutiva\/","title":{"rendered":"Formazione Esecutiva"},"content":{"rendered":"<div data-elementor-type=\"wp-page\" data-elementor-id=\"482\" class=\"elementor elementor-482\" data-elementor-post-type=\"page\">\n\t\t\t\t<div class=\"elementor-element elementor-element-6ccdd73 e-con-full e-flex e-con e-parent\" data-id=\"6ccdd73\" data-element_type=\"container\" data-settings=\"{&quot;background_background&quot;:&quot;classic&quot;}\">\n\t\t\t\t<div class=\"elementor-element elementor-element-6229271 elementor-widget__width-initial elementor-widget-tablet__width-initial elementor-widget elementor-widget-heading\" data-id=\"6229271\" data-element_type=\"widget\" data-widget_type=\"heading.default\">\n\t\t\t\t\t<h1 class=\"elementor-heading-title elementor-size-default\">Formazione Esecutiva<\/h1>\t\t\t\t<\/div>\n\t\t<div class=\"elementor-element elementor-element-30bfd67 e-con-full e-flex e-con e-child\" data-id=\"30bfd67\" data-element_type=\"container\">\n\t\t\t\t<div class=\"elementor-element elementor-element-1c83d69 elementor-align-center elementor-widget elementor-widget-button\" data-id=\"1c83d69\" data-element_type=\"widget\" data-widget_type=\"button.default\">\n\t\t\t\t\t\t\t\t\t\t<a class=\"elementor-button elementor-button-link elementor-size-sm\" href=\"https:\/\/crc-consulting.lat\/#servicios\">\n\t\t\t\t\t\t<span class=\"elementor-button-content-wrapper\">\n\t\t\t\t\t\t\t\t\t<span class=\"elementor-button-text\">Vedi i servizi<\/span>\n\t\t\t\t\t<\/span>\n\t\t\t\t\t<\/a>\n\t\t\t\t\t\t\t\t<\/div>\n\t\t\t\t<div class=\"elementor-element elementor-element-c95e7dc elementor-align-center elementor-widget elementor-widget-button\" data-id=\"c95e7dc\" data-element_type=\"widget\" data-widget_type=\"button.default\">\n\t\t\t\t\t\t\t\t\t\t<a class=\"elementor-button elementor-button-link elementor-size-sm\" href=\"https:\/\/crc-consulting.lat\/index.php\/contacto\/\">\n\t\t\t\t\t\t<span class=\"elementor-button-content-wrapper\">\n\t\t\t\t\t\t\t\t\t<span class=\"elementor-button-text\">Contatto<\/span>\n\t\t\t\t\t<\/span>\n\t\t\t\t\t<\/a>\n\t\t\t\t\t\t\t\t<\/div>\n\t\t\t\t<\/div>\n\t\t\t\t<\/div>\n\t\t<div class=\"elementor-element elementor-element-9a67b43 e-flex e-con-boxed e-con e-parent\" data-id=\"9a67b43\" data-element_type=\"container\" data-settings=\"{&quot;background_background&quot;:&quot;classic&quot;}\">\n\t\t\t\t\t<div class=\"e-con-inner\">\n\t\t<div class=\"elementor-element elementor-element-d8c6e0e e-con-full e-flex e-con e-child\" data-id=\"d8c6e0e\" data-element_type=\"container\">\n\t\t\t\t<div class=\"elementor-element elementor-element-b45879e elementor-widget__width-inherit elementor-widget elementor-widget-text-editor\" data-id=\"b45879e\" data-element_type=\"widget\" data-widget_type=\"text-editor.default\">\n\t\t\t\t\t\t\t\t\tL\u2019apprendimento diventa valore quando si traduce in azione. I nostri programmi di formazione executive sono progettati su misura per leader e team che desiderano sviluppare competenze critiche in un contesto dinamico. \t\t\t\t\t\t\t\t<\/div>\n\t\t\t\t<\/div>\n\t\t\t\t\t<\/div>\n\t\t\t\t<\/div>\n\t\t<div class=\"elementor-element elementor-element-83c1f03 e-flex e-con-boxed e-con e-parent\" data-id=\"83c1f03\" data-element_type=\"container\" data-settings=\"{&quot;background_background&quot;:&quot;classic&quot;}\">\n\t\t\t\t\t<div class=\"e-con-inner\">\n\t\t<div class=\"elementor-element elementor-element-86a23de e-con-full e-flex e-con e-child\" data-id=\"86a23de\" data-element_type=\"container\">\n\t\t<div class=\"elementor-element elementor-element-4987da9 e-con-full e-flex e-con e-child\" data-id=\"4987da9\" data-element_type=\"container\">\n\t\t\t\t<div class=\"elementor-element elementor-element-8d48448 elementor-widget__width-initial elementor-widget elementor-widget-image\" data-id=\"8d48448\" data-element_type=\"widget\" data-widget_type=\"image.default\">\n\t\t\t\t\t\t\t\t\t\t\t\t\t\t\t<img decoding=\"async\" width=\"61\" height=\"57\" src=\"https:\/\/crc-consulting.lat\/wp-content\/uploads\/2025\/09\/inter-icon1.svg\" class=\"attachment-large size-large wp-image-175\" alt=\"\" \/>\t\t\t\t\t\t\t\t\t\t\t\t\t\t\t<\/div>\n\t\t\t\t<div class=\"elementor-element elementor-element-4656b30 elementor-widget__width-inherit elementor-widget-tablet__width-initial elementor-widget elementor-widget-heading\" data-id=\"4656b30\" data-element_type=\"widget\" data-widget_type=\"heading.default\">\n\t\t\t\t\t<h1 class=\"elementor-heading-title elementor-size-default\">Modello \u00c1gora<\/h1>\t\t\t\t<\/div>\n\t\t\t\t<div class=\"elementor-element elementor-element-829e489 elementor-widget__width-inherit elementor-widget-tablet__width-initial elementor-widget elementor-widget-heading\" data-id=\"829e489\" data-element_type=\"widget\" data-widget_type=\"heading.default\">\n\t\t\t\t\t<h1 class=\"elementor-heading-title elementor-size-default\">Formazione Esecutiva<\/h1>\t\t\t\t<\/div>\n\t\t\t\t<div class=\"elementor-element elementor-element-17c231a elementor-widget__width-inherit elementor-widget elementor-widget-text-editor\" data-id=\"17c231a\" data-element_type=\"widget\" data-widget_type=\"text-editor.default\">\n\t\t\t\t\t\t\t\t\t<p>Il Modello \u00c1gora trasforma l\u2019apprendimento in azione attraverso esperienze formative su misura. Il nostro obiettivo \u00e8 rafforzare le competenze chiave di leader e team, garantendo un\u2019applicazione immediata nella pratica professionale.<\/p>\t\t\t\t\t\t\t\t<\/div>\n\t\t\t\t<\/div>\n\t\t<div class=\"elementor-element elementor-element-e38be0e e-con-full e-flex e-con e-child\" data-id=\"e38be0e\" data-element_type=\"container\">\n\t\t\t\t<div class=\"elementor-element elementor-element-232eb9a elementor-widget__width-initial elementor-widget elementor-widget-html\" data-id=\"232eb9a\" data-element_type=\"widget\" data-widget_type=\"html.default\">\n\t\t\t\t\t<img decoding=\"async\" \r\n  class=\"traducible-imagen-3\" \r\n  src=\"https:\/\/crc-consulting.lat\/wp-content\/uploads\/2025\/10\/modelo-agora-es.webp\" \r\n  alt=\"Descripci\u00f3n de la imagen\"\r\n  style=\"width: 100%; height: auto; display: block;\"\r\n>\t\t\t\t<\/div>\n\t\t<div class=\"elementor-element elementor-element-350e69e e-con-full e-flex e-con e-child\" data-id=\"350e69e\" data-element_type=\"container\" data-settings=\"{&quot;background_background&quot;:&quot;classic&quot;}\">\n\t\t<div class=\"elementor-element elementor-element-3789424 e-con-full e-flex e-con e-child\" data-id=\"3789424\" data-element_type=\"container\">\n\t\t\t\t<div class=\"elementor-element elementor-element-6f1fb2d elementor-widget elementor-widget-heading\" data-id=\"6f1fb2d\" data-element_type=\"widget\" data-widget_type=\"heading.default\">\n\t\t\t\t\t<h1 class=\"elementor-heading-title elementor-size-default\">Risultato<\/h1>\t\t\t\t<\/div>\n\t\t\t\t<\/div>\n\t\t<div class=\"elementor-element elementor-element-9b62598 e-con-full e-flex e-con e-child\" data-id=\"9b62598\" data-element_type=\"container\">\n\t\t\t\t<div class=\"elementor-element elementor-element-ee56563 elementor-widget__width-initial elementor-widget elementor-widget-text-editor\" data-id=\"ee56563\" data-element_type=\"widget\" data-widget_type=\"text-editor.default\">\n\t\t\t\t\t\t\t\t\t<p>Leader e team con competenze rafforzate, in grado di affrontare con successo le sfide organizzative presenti e future.<\/p>\t\t\t\t\t\t\t\t<\/div>\n\t\t\t\t<\/div>\n\t\t\t\t<\/div>\n\t\t\t\t<\/div>\n\t\t\t\t<\/div>\n\t\t\t\t\t<\/div>\n\t\t\t\t<\/div>\n\t\t<div class=\"elementor-element elementor-element-2fd5acd e-flex e-con-boxed e-con e-parent\" data-id=\"2fd5acd\" data-element_type=\"container\" data-settings=\"{&quot;background_background&quot;:&quot;classic&quot;}\">\n\t\t\t\t\t<div class=\"e-con-inner\">\n\t\t<div class=\"elementor-element elementor-element-ab05905 e-con-full e-flex e-con e-child\" data-id=\"ab05905\" data-element_type=\"container\">\n\t\t\t\t<div class=\"elementor-element elementor-element-40b4438 elementor-widget__width-inherit elementor-widget elementor-widget-text-editor\" data-id=\"40b4438\" data-element_type=\"widget\" data-widget_type=\"text-editor.default\">\n\t\t\t\t\t\t\t\t\t<p>Integriamo solidi quadri concettuali, casi aziendali e dinamiche interattive che garantiscono un\u2019esperienza formativa pratica e partecipativa. La combinazione di teoria e applicazione consente ai partecipanti di acquisire strumenti immediati per migliorare la propria gestione e leadership.<\/p><p>\u00a0<\/p><p>Ogni programma \u00e8 adattato alla realt\u00e0 del cliente, assicurando che la formazione abbia un impatto diretto sui risultati dell\u2019organizzazione.<\/p>\t\t\t\t\t\t\t\t<\/div>\n\t\t\t\t<\/div>\n\t\t<div class=\"elementor-element elementor-element-ac52ae8 e-con-full e-flex e-con e-child\" data-id=\"ac52ae8\" data-element_type=\"container\">\n\t\t\t\t<div class=\"elementor-element elementor-element-a9e76c8 elementor-widget elementor-widget-image\" data-id=\"a9e76c8\" data-element_type=\"widget\" data-widget_type=\"image.default\">\n\t\t\t\t\t\t\t\t\t\t\t\t\t\t\t<img fetchpriority=\"high\" decoding=\"async\" width=\"800\" height=\"521\" src=\"https:\/\/crc-consulting.lat\/wp-content\/uploads\/2025\/09\/formacion-ejecutiva-1024x667.webp\" class=\"attachment-large size-large wp-image-792\" alt=\"\" srcset=\"https:\/\/crc-consulting.lat\/wp-content\/uploads\/2025\/09\/formacion-ejecutiva-1024x667.webp 1024w, https:\/\/crc-consulting.lat\/wp-content\/uploads\/2025\/09\/formacion-ejecutiva-300x195.webp 300w, https:\/\/crc-consulting.lat\/wp-content\/uploads\/2025\/09\/formacion-ejecutiva-768x500.webp 768w, https:\/\/crc-consulting.lat\/wp-content\/uploads\/2025\/09\/formacion-ejecutiva-1536x1000.webp 1536w, https:\/\/crc-consulting.lat\/wp-content\/uploads\/2025\/09\/formacion-ejecutiva-18x12.webp 18w, https:\/\/crc-consulting.lat\/wp-content\/uploads\/2025\/09\/formacion-ejecutiva.webp 1573w\" sizes=\"(max-width: 800px) 100vw, 800px\" \/>\t\t\t\t\t\t\t\t\t\t\t\t\t\t\t<\/div>\n\t\t\t\t<\/div>\n\t\t\t\t\t<\/div>\n\t\t\t\t<\/div>\n\t\t\t\t<\/div>","protected":false},"excerpt":{"rendered":"<p>Formaci\u00f3n Ejecutiva Ver servicios Contacto El aprendizaje se convierte en valor cuando se traduce en acci\u00f3n. Nuestros programas de formaci\u00f3n ejecutiva est\u00e1n dise\u00f1ados a medida para l\u00edderes y equipos que buscan desarrollar competencias cr\u00edticas en un entorno de Modelo \u00c1gora Formaci\u00f3n Ejecutiva El Modelo \u00c1gora transforma el aprendizaje en acci\u00f3n mediante experiencias de formaci\u00f3n dise\u00f1adas [&hellip;]<\/p>","protected":false},"author":1,"featured_media":0,"parent":0,"menu_order":0,"comment_status":"closed","ping_status":"closed","template":"","meta":{"_acf_changed":false,"footnotes":""},"class_list":["post-482","page","type-page","status-publish","hentry"],"acf":[],"_links":{"self":[{"href":"https:\/\/crc-consulting.lat\/it\/wp-json\/wp\/v2\/pages\/482","targetHints":{"allow":["GET"]}}],"collection":[{"href":"https:\/\/crc-consulting.lat\/it\/wp-json\/wp\/v2\/pages"}],"about":[{"href":"https:\/\/crc-consulting.lat\/it\/wp-json\/wp\/v2\/types\/page"}],"author":[{"embeddable":true,"href":"https:\/\/crc-consulting.lat\/it\/wp-json\/wp\/v2\/users\/1"}],"replies":[{"embeddable":true,"href":"https:\/\/crc-consulting.lat\/it\/wp-json\/wp\/v2\/comments?post=482"}],"version-history":[{"count":15,"href":"https:\/\/crc-consulting.lat\/it\/wp-json\/wp\/v2\/pages\/482\/revisions"}],"predecessor-version":[{"id":1254,"href":"https:\/\/crc-consulting.lat\/it\/wp-json\/wp\/v2\/pages\/482\/revisions\/1254"}],"wp:attachment":[{"href":"https:\/\/crc-consulting.lat\/it\/wp-json\/wp\/v2\/media?parent=482"}],"curies":[{"name":"wp","href":"https:\/\/api.w.org\/{rel}","templated":true}]}}