{"id":430,"date":"2025-09-22T22:59:40","date_gmt":"2025-09-22T22:59:40","guid":{"rendered":"https:\/\/crc-consulting.lat\/?page_id=430"},"modified":"2025-11-07T22:18:21","modified_gmt":"2025-11-07T22:18:21","slug":"coaching-mentoring","status":"publish","type":"page","link":"https:\/\/crc-consulting.lat\/it\/coaching-mentoring\/","title":{"rendered":"Coaching &amp; Mentoring"},"content":{"rendered":"<div data-elementor-type=\"wp-page\" data-elementor-id=\"430\" class=\"elementor elementor-430\" data-elementor-post-type=\"page\">\n\t\t\t\t<div class=\"elementor-element elementor-element-918bd5d e-con-full e-flex e-con e-parent\" data-id=\"918bd5d\" data-element_type=\"container\" data-settings=\"{&quot;background_background&quot;:&quot;classic&quot;}\">\n\t\t\t\t<div class=\"elementor-element elementor-element-7b747ea elementor-widget__width-initial elementor-widget-tablet__width-initial elementor-widget elementor-widget-heading\" data-id=\"7b747ea\" data-element_type=\"widget\" data-widget_type=\"heading.default\">\n\t\t\t\t\t<h1 class=\"elementor-heading-title elementor-size-default\">Coaching &amp; Mentoring<\/h1>\t\t\t\t<\/div>\n\t\t<div class=\"elementor-element elementor-element-5166ad7 e-con-full e-flex e-con e-child\" data-id=\"5166ad7\" data-element_type=\"container\">\n\t\t\t\t<div class=\"elementor-element elementor-element-342f383 elementor-align-center elementor-widget elementor-widget-button\" data-id=\"342f383\" data-element_type=\"widget\" data-widget_type=\"button.default\">\n\t\t\t\t\t\t\t\t\t\t<a class=\"elementor-button elementor-button-link elementor-size-sm\" href=\"https:\/\/crc-consulting.lat\/#servicios\">\n\t\t\t\t\t\t<span class=\"elementor-button-content-wrapper\">\n\t\t\t\t\t\t\t\t\t<span class=\"elementor-button-text\">Vedi i servizi<\/span>\n\t\t\t\t\t<\/span>\n\t\t\t\t\t<\/a>\n\t\t\t\t\t\t\t\t<\/div>\n\t\t\t\t<div class=\"elementor-element elementor-element-8ce475d elementor-align-center elementor-widget elementor-widget-button\" data-id=\"8ce475d\" data-element_type=\"widget\" data-widget_type=\"button.default\">\n\t\t\t\t\t\t\t\t\t\t<a class=\"elementor-button elementor-button-link elementor-size-sm\" href=\"https:\/\/crc-consulting.lat\/index.php\/contacto\/\">\n\t\t\t\t\t\t<span class=\"elementor-button-content-wrapper\">\n\t\t\t\t\t\t\t\t\t<span class=\"elementor-button-text\">Contatto<\/span>\n\t\t\t\t\t<\/span>\n\t\t\t\t\t<\/a>\n\t\t\t\t\t\t\t\t<\/div>\n\t\t\t\t<\/div>\n\t\t\t\t<\/div>\n\t\t<div class=\"elementor-element elementor-element-d8dd938 e-flex e-con-boxed e-con e-parent\" data-id=\"d8dd938\" data-element_type=\"container\" data-settings=\"{&quot;background_background&quot;:&quot;classic&quot;}\">\n\t\t\t\t\t<div class=\"e-con-inner\">\n\t\t<div class=\"elementor-element elementor-element-5685cc3 e-con-full e-flex e-con e-child\" data-id=\"5685cc3\" data-element_type=\"container\">\n\t\t\t\t<div class=\"elementor-element elementor-element-0767bd1 elementor-widget__width-inherit elementor-widget elementor-widget-text-editor\" data-id=\"0767bd1\" data-element_type=\"widget\" data-widget_type=\"text-editor.default\">\n\t\t\t\t\t\t\t\t\t<p>Accompagnamento individuale e di gruppo orientato allo sviluppo della leadership, al rafforzamento dell\u2019impatto esecutivo e al raggiungimento degli obiettivi. Utilizziamo metodologie pratiche, riservate e orientate ai risultati.<\/p>\t\t\t\t\t\t\t\t<\/div>\n\t\t\t\t<\/div>\n\t\t\t\t\t<\/div>\n\t\t\t\t<\/div>\n\t\t<div class=\"elementor-element elementor-element-37e274d e-flex e-con-boxed e-con e-parent\" data-id=\"37e274d\" data-element_type=\"container\" data-settings=\"{&quot;background_background&quot;:&quot;classic&quot;}\">\n\t\t\t\t\t<div class=\"e-con-inner\">\n\t\t<div class=\"elementor-element elementor-element-4af4750 e-con-full e-flex e-con e-child\" data-id=\"4af4750\" data-element_type=\"container\">\n\t\t<div class=\"elementor-element elementor-element-027a66d e-con-full e-flex e-con e-child\" data-id=\"027a66d\" data-element_type=\"container\">\n\t\t\t\t<div class=\"elementor-element elementor-element-c450e91 elementor-widget__width-initial elementor-widget elementor-widget-image\" data-id=\"c450e91\" data-element_type=\"widget\" data-widget_type=\"image.default\">\n\t\t\t\t\t\t\t\t\t\t\t\t\t\t\t<img decoding=\"async\" width=\"61\" height=\"57\" src=\"https:\/\/crc-consulting.lat\/wp-content\/uploads\/2025\/09\/inter-icon1.svg\" class=\"attachment-large size-large wp-image-175\" alt=\"\" \/>\t\t\t\t\t\t\t\t\t\t\t\t\t\t\t<\/div>\n\t\t\t\t<div class=\"elementor-element elementor-element-5f4db13 elementor-widget__width-inherit elementor-widget-tablet__width-initial elementor-widget elementor-widget-heading\" data-id=\"5f4db13\" data-element_type=\"widget\" data-widget_type=\"heading.default\">\n\t\t\t\t\t<h1 class=\"elementor-heading-title elementor-size-default\">Modello Lidera<\/h1>\t\t\t\t<\/div>\n\t\t\t\t<div class=\"elementor-element elementor-element-bc628c4 elementor-widget__width-inherit elementor-widget-tablet__width-initial elementor-widget elementor-widget-heading\" data-id=\"bc628c4\" data-element_type=\"widget\" data-widget_type=\"heading.default\">\n\t\t\t\t\t<h1 class=\"elementor-heading-title elementor-size-default\">Coaching &amp; Mentoring<\/h1>\t\t\t\t<\/div>\n\t\t\t\t<div class=\"elementor-element elementor-element-c528e84 elementor-widget__width-inherit elementor-widget elementor-widget-text-editor\" data-id=\"c528e84\" data-element_type=\"widget\" data-widget_type=\"text-editor.default\">\n\t\t\t\t\t\t\t\t\t<p><strong data-start=\"51\" data-end=\"71\">El Modelo Lidera<\/strong> Il Modello Lidera \u00e8 pensato per accompagnare leader e team nello sviluppo delle competenze e nel consolidamento di una leadership autentica e consapevole. Non si tratta solo di raggiungere obiettivi, ma di rafforzare l\u2019impatto esecutivo e la capacit\u00e0 di ispirare.<\/p>\t\t\t\t\t\t\t\t<\/div>\n\t\t\t\t<\/div>\n\t\t<div class=\"elementor-element elementor-element-de2a1d4 e-con-full e-flex e-con e-child\" data-id=\"de2a1d4\" data-element_type=\"container\">\n\t\t\t\t<div class=\"elementor-element elementor-element-babaf74 elementor-widget__width-initial elementor-widget elementor-widget-html\" data-id=\"babaf74\" data-element_type=\"widget\" data-widget_type=\"html.default\">\n\t\t\t\t\t<img decoding=\"async\" \r\n  class=\"traducible-imagen-1\" \r\n  src=\"https:\/\/crc-consulting.lat\/wp-content\/uploads\/2025\/10\/modelo-lidera-es.webp\" \r\n  alt=\"Descripci\u00f3n de la imagen\"\r\n  style=\"width: 100%; height: auto; display: block;\"\r\n>\t\t\t\t<\/div>\n\t\t<div class=\"elementor-element elementor-element-5cd2967 e-con-full e-flex e-con e-child\" data-id=\"5cd2967\" data-element_type=\"container\" data-settings=\"{&quot;background_background&quot;:&quot;classic&quot;}\">\n\t\t<div class=\"elementor-element elementor-element-667ec50 e-con-full e-flex e-con e-child\" data-id=\"667ec50\" data-element_type=\"container\">\n\t\t\t\t<div class=\"elementor-element elementor-element-129cc05 elementor-widget-tablet__width-initial elementor-widget elementor-widget-heading\" data-id=\"129cc05\" data-element_type=\"widget\" data-widget_type=\"heading.default\">\n\t\t\t\t\t<h1 class=\"elementor-heading-title elementor-size-default\">Risultato<\/h1>\t\t\t\t<\/div>\n\t\t\t\t<\/div>\n\t\t<div class=\"elementor-element elementor-element-e256372 e-con-full e-flex e-con e-child\" data-id=\"e256372\" data-element_type=\"container\">\n\t\t\t\t<div class=\"elementor-element elementor-element-3ae5c79 elementor-widget__width-initial elementor-widget-tablet__width-initial elementor-widget elementor-widget-text-editor\" data-id=\"3ae5c79\" data-element_type=\"widget\" data-widget_type=\"text-editor.default\">\n\t\t\t\t\t\t\t\t\t<p>Leader pi\u00f9 sicuri, con maggiore autoconsapevolezza, impatto positivo sui team e una maggiore capacit\u00e0 di eseguire con efficacia.<\/p>\t\t\t\t\t\t\t\t<\/div>\n\t\t\t\t<\/div>\n\t\t\t\t<\/div>\n\t\t\t\t<\/div>\n\t\t\t\t<\/div>\n\t\t\t\t\t<\/div>\n\t\t\t\t<\/div>\n\t\t<div class=\"elementor-element elementor-element-4db0b5f e-flex e-con-boxed e-con e-parent\" data-id=\"4db0b5f\" data-element_type=\"container\" data-settings=\"{&quot;background_background&quot;:&quot;classic&quot;}\">\n\t\t\t\t\t<div class=\"e-con-inner\">\n\t\t<div class=\"elementor-element elementor-element-29f52c2 e-con-full e-flex e-con e-child\" data-id=\"29f52c2\" data-element_type=\"container\">\n\t\t\t\t<div class=\"elementor-element elementor-element-e9d130d elementor-widget__width-inherit elementor-widget elementor-widget-text-editor\" data-id=\"e9d130d\" data-element_type=\"widget\" data-widget_type=\"text-editor.default\">\n\t\t\t\t\t\t\t\t\tIn CRC comprendiamo che la leadership non si impone, si sviluppa. Il nostro servizio di Coaching &amp; Mentoring offre un accompagnamento individuale e di gruppo progettato per potenziare le competenze di leader e team in contesti ad alta esigenza. Lavoriamo su tre pilastri: autoconsapevolezza, impatto esecutivo e raggiungimento degli obiettivi. Attraverso metodologie pratiche e riservate, aiutiamo le persone a prendere coscienza dei propri punti di forza, superare i blocchi e costruire nuovi modi di guidare. Le nostre sessioni generano spazi di riflessione e azione, dove l\u2019apprendimento si trasforma in risultati concreti e sostenibili.\t\t\t\t\t\t\t\t<\/div>\n\t\t\t\t<\/div>\n\t\t<div class=\"elementor-element elementor-element-4f64201 e-con-full e-flex e-con e-child\" data-id=\"4f64201\" data-element_type=\"container\">\n\t\t\t\t<div class=\"elementor-element elementor-element-1d6960f elementor-widget elementor-widget-image\" data-id=\"1d6960f\" data-element_type=\"widget\" data-widget_type=\"image.default\">\n\t\t\t\t\t\t\t\t\t\t\t\t\t\t\t<img fetchpriority=\"high\" decoding=\"async\" width=\"792\" height=\"567\" src=\"https:\/\/crc-consulting.lat\/wp-content\/uploads\/2025\/09\/coaching.webp\" class=\"attachment-large size-large wp-image-187\" alt=\"\" srcset=\"https:\/\/crc-consulting.lat\/wp-content\/uploads\/2025\/09\/coaching.webp 792w, https:\/\/crc-consulting.lat\/wp-content\/uploads\/2025\/09\/coaching-300x215.webp 300w, https:\/\/crc-consulting.lat\/wp-content\/uploads\/2025\/09\/coaching-768x550.webp 768w\" sizes=\"(max-width: 792px) 100vw, 792px\" \/>\t\t\t\t\t\t\t\t\t\t\t\t\t\t\t<\/div>\n\t\t\t\t<\/div>\n\t\t\t\t\t<\/div>\n\t\t\t\t<\/div>\n\t\t\t\t<\/div>","protected":false},"excerpt":{"rendered":"<p>Coaching &amp; Mentoring Ver servicios Contacto Acompa\u00f1amiento individual y grupal orientado al desarrollo del liderazgo, el fortalecimiento del impacto ejecutivo y el logro de objetivos. Utilizamos metodolog\u00edas pr\u00e1cticas, confidenciales y enfocadas en resultados. Modelo Lidera Coaching &amp; Mentoring El Modelo Lidera est\u00e1 dise\u00f1ado para acompa\u00f1ar a l\u00edderes y equipos en el desarrollo de sus competencias [&hellip;]<\/p>","protected":false},"author":1,"featured_media":0,"parent":0,"menu_order":0,"comment_status":"closed","ping_status":"closed","template":"","meta":{"_acf_changed":false,"footnotes":""},"class_list":["post-430","page","type-page","status-publish","hentry"],"acf":[],"_links":{"self":[{"href":"https:\/\/crc-consulting.lat\/it\/wp-json\/wp\/v2\/pages\/430","targetHints":{"allow":["GET"]}}],"collection":[{"href":"https:\/\/crc-consulting.lat\/it\/wp-json\/wp\/v2\/pages"}],"about":[{"href":"https:\/\/crc-consulting.lat\/it\/wp-json\/wp\/v2\/types\/page"}],"author":[{"embeddable":true,"href":"https:\/\/crc-consulting.lat\/it\/wp-json\/wp\/v2\/users\/1"}],"replies":[{"embeddable":true,"href":"https:\/\/crc-consulting.lat\/it\/wp-json\/wp\/v2\/comments?post=430"}],"version-history":[{"count":18,"href":"https:\/\/crc-consulting.lat\/it\/wp-json\/wp\/v2\/pages\/430\/revisions"}],"predecessor-version":[{"id":1245,"href":"https:\/\/crc-consulting.lat\/it\/wp-json\/wp\/v2\/pages\/430\/revisions\/1245"}],"wp:attachment":[{"href":"https:\/\/crc-consulting.lat\/it\/wp-json\/wp\/v2\/media?parent=430"}],"curies":[{"name":"wp","href":"https:\/\/api.w.org\/{rel}","templated":true}]}}