{"id":388,"date":"2025-09-22T22:37:42","date_gmt":"2025-09-22T22:37:42","guid":{"rendered":"https:\/\/crc-consulting.lat\/?page_id=388"},"modified":"2025-09-29T20:16:35","modified_gmt":"2025-09-29T20:16:35","slug":"quienes-somos","status":"publish","type":"page","link":"https:\/\/crc-consulting.lat\/it\/quienes-somos\/","title":{"rendered":"Chi siamo"},"content":{"rendered":"<div data-elementor-type=\"wp-page\" data-elementor-id=\"388\" class=\"elementor elementor-388\" data-elementor-post-type=\"page\">\n\t\t\t\t<div class=\"elementor-element elementor-element-b7cbb48 e-con-full e-flex e-con e-parent\" data-id=\"b7cbb48\" data-element_type=\"container\" data-settings=\"{&quot;background_background&quot;:&quot;classic&quot;}\">\n\t\t\t\t<div class=\"elementor-element elementor-element-5342d61 elementor-widget__width-initial elementor-widget-tablet__width-initial elementor-widget elementor-widget-heading\" data-id=\"5342d61\" data-element_type=\"widget\" data-widget_type=\"heading.default\">\n\t\t\t\t\t<h1 class=\"elementor-heading-title elementor-size-default\">Chi siamo<\/h1>\t\t\t\t<\/div>\n\t\t<div class=\"elementor-element elementor-element-d46d4fe e-con-full e-flex e-con e-child\" data-id=\"d46d4fe\" data-element_type=\"container\">\n\t\t\t\t<div class=\"elementor-element elementor-element-d9fdc8f elementor-align-center elementor-widget elementor-widget-button\" data-id=\"d9fdc8f\" data-element_type=\"widget\" data-widget_type=\"button.default\">\n\t\t\t\t\t\t\t\t\t\t<a class=\"elementor-button elementor-button-link elementor-size-sm\" href=\"https:\/\/crc-consulting.lat\/#servicios\">\n\t\t\t\t\t\t<span class=\"elementor-button-content-wrapper\">\n\t\t\t\t\t\t\t\t\t<span class=\"elementor-button-text\">Vedi i servizi<\/span>\n\t\t\t\t\t<\/span>\n\t\t\t\t\t<\/a>\n\t\t\t\t\t\t\t\t<\/div>\n\t\t\t\t<div class=\"elementor-element elementor-element-b1d25f7 elementor-align-center elementor-widget elementor-widget-button\" data-id=\"b1d25f7\" data-element_type=\"widget\" data-widget_type=\"button.default\">\n\t\t\t\t\t\t\t\t\t\t<a class=\"elementor-button elementor-button-link elementor-size-sm\" href=\"https:\/\/crc-consulting.lat\/contacto\/\">\n\t\t\t\t\t\t<span class=\"elementor-button-content-wrapper\">\n\t\t\t\t\t\t\t\t\t<span class=\"elementor-button-text\">Contatto<\/span>\n\t\t\t\t\t<\/span>\n\t\t\t\t\t<\/a>\n\t\t\t\t\t\t\t\t<\/div>\n\t\t\t\t<\/div>\n\t\t\t\t<\/div>\n\t\t<div class=\"elementor-element elementor-element-5c2494c e-flex e-con-boxed e-con e-parent\" data-id=\"5c2494c\" data-element_type=\"container\" data-settings=\"{&quot;background_background&quot;:&quot;classic&quot;}\">\n\t\t\t\t\t<div class=\"e-con-inner\">\n\t\t<div class=\"elementor-element elementor-element-999e975 e-con-full e-flex e-con e-child\" data-id=\"999e975\" data-element_type=\"container\">\n\t\t\t\t<div class=\"elementor-element elementor-element-cd4bb81 elementor-widget__width-inherit elementor-widget-tablet__width-initial elementor-widget elementor-widget-heading\" data-id=\"cd4bb81\" data-element_type=\"widget\" data-widget_type=\"heading.default\">\n\t\t\t\t\t<h1 class=\"elementor-heading-title elementor-size-default\">Chi siamo<\/h1>\t\t\t\t<\/div>\n\t\t\t\t<div class=\"elementor-element elementor-element-480eea3 elementor-widget__width-inherit elementor-widget elementor-widget-text-editor\" data-id=\"480eea3\" data-element_type=\"widget\" data-widget_type=\"text-editor.default\">\n\t\t\t\t\t\t\t\t\t<p>Siamo un team di professionisti con una vasta esperienza nella Consulenza e nella Formazione Esecutiva, specializzati in Competenze di Leadership, Supply Chain Management e Pianificazione Strategica. Vantiamo una solida traiettoria sia nel mondo aziendale che accademico, che ci consente di comprendere le sfide dei nostri clienti e di generare valore concreto nelle nostre proposte.<\/p>\t\t\t\t\t\t\t\t<\/div>\n\t\t\t\t<\/div>\n\t\t<div class=\"elementor-element elementor-element-5bee5db e-con-full e-flex e-con e-child\" data-id=\"5bee5db\" data-element_type=\"container\">\n\t\t\t\t<div class=\"elementor-element elementor-element-b454cf4 elementor-widget elementor-widget-image\" data-id=\"b454cf4\" data-element_type=\"widget\" data-widget_type=\"image.default\">\n\t\t\t\t\t\t\t\t\t\t\t\t\t\t\t<img fetchpriority=\"high\" decoding=\"async\" width=\"792\" height=\"567\" src=\"https:\/\/crc-consulting.lat\/wp-content\/uploads\/2025\/09\/coaching.webp\" class=\"attachment-large size-large wp-image-187\" alt=\"\" srcset=\"https:\/\/crc-consulting.lat\/wp-content\/uploads\/2025\/09\/coaching.webp 792w, https:\/\/crc-consulting.lat\/wp-content\/uploads\/2025\/09\/coaching-300x215.webp 300w, https:\/\/crc-consulting.lat\/wp-content\/uploads\/2025\/09\/coaching-768x550.webp 768w\" sizes=\"(max-width: 792px) 100vw, 792px\" \/>\t\t\t\t\t\t\t\t\t\t\t\t\t\t\t<\/div>\n\t\t\t\t<\/div>\n\t\t\t\t\t<\/div>\n\t\t\t\t<\/div>\n\t\t<div class=\"elementor-element elementor-element-387b527 e-flex e-con-boxed e-con e-parent\" data-id=\"387b527\" data-element_type=\"container\" data-settings=\"{&quot;background_background&quot;:&quot;classic&quot;}\">\n\t\t\t\t\t<div class=\"e-con-inner\">\n\t\t<div class=\"elementor-element elementor-element-0b02860 e-con-full e-flex e-con e-child\" data-id=\"0b02860\" data-element_type=\"container\">\n\t\t<div class=\"elementor-element elementor-element-47c9614 e-con-full e-flex e-con e-child\" data-id=\"47c9614\" data-element_type=\"container\">\n\t\t\t\t<div class=\"elementor-element elementor-element-90833db elementor-widget__width-initial elementor-widget-tablet__width-initial elementor-widget elementor-widget-heading\" data-id=\"90833db\" data-element_type=\"widget\" data-widget_type=\"heading.default\">\n\t\t\t\t\t<h1 class=\"elementor-heading-title elementor-size-default\">01.<\/h1>\t\t\t\t<\/div>\n\t\t\t\t<div class=\"elementor-element elementor-element-f314549 elementor-widget__width-initial elementor-widget-tablet__width-initial elementor-widget elementor-widget-heading\" data-id=\"f314549\" data-element_type=\"widget\" data-widget_type=\"heading.default\">\n\t\t\t\t\t<h1 class=\"elementor-heading-title elementor-size-default\">Valore<\/h1>\t\t\t\t<\/div>\n\t\t\t\t<div class=\"elementor-element elementor-element-a4c40ce elementor-widget__width-initial elementor-widget elementor-widget-text-editor\" data-id=\"a4c40ce\" data-element_type=\"widget\" data-widget_type=\"text-editor.default\">\n\t\t\t\t\t\t\t\t\tTutti i nostri servizi sono creati per generare valore reale.\t\t\t\t\t\t\t\t<\/div>\n\t\t\t\t<\/div>\n\t\t<div class=\"elementor-element elementor-element-b4a8703 e-con-full e-flex e-con e-child\" data-id=\"b4a8703\" data-element_type=\"container\">\n\t\t\t\t<div class=\"elementor-element elementor-element-fe172e8 elementor-widget__width-initial elementor-widget-tablet__width-initial elementor-widget elementor-widget-heading\" data-id=\"fe172e8\" data-element_type=\"widget\" data-widget_type=\"heading.default\">\n\t\t\t\t\t<h1 class=\"elementor-heading-title elementor-size-default\">02.<\/h1>\t\t\t\t<\/div>\n\t\t\t\t<div class=\"elementor-element elementor-element-4291221 elementor-widget__width-initial elementor-widget-tablet__width-initial elementor-widget elementor-widget-heading\" data-id=\"4291221\" data-element_type=\"widget\" data-widget_type=\"heading.default\">\n\t\t\t\t\t<h1 class=\"elementor-heading-title elementor-size-default\">Soluzioni<\/h1>\t\t\t\t<\/div>\n\t\t\t\t<div class=\"elementor-element elementor-element-e2992cb elementor-widget__width-initial elementor-widget elementor-widget-text-editor\" data-id=\"e2992cb\" data-element_type=\"widget\" data-widget_type=\"text-editor.default\">\n\t\t\t\t\t\t\t\t\t<p>Creiamo soluzioni su misura in base alle esigenze dei nostri partner.<\/p>\t\t\t\t\t\t\t\t<\/div>\n\t\t\t\t<\/div>\n\t\t<div class=\"elementor-element elementor-element-ec7e3dd e-con-full e-flex e-con e-child\" data-id=\"ec7e3dd\" data-element_type=\"container\">\n\t\t\t\t<div class=\"elementor-element elementor-element-f38ed1f elementor-widget__width-initial elementor-widget-tablet__width-initial elementor-widget elementor-widget-heading\" data-id=\"f38ed1f\" data-element_type=\"widget\" data-widget_type=\"heading.default\">\n\t\t\t\t\t<h1 class=\"elementor-heading-title elementor-size-default\">03.<\/h1>\t\t\t\t<\/div>\n\t\t\t\t<div class=\"elementor-element elementor-element-3f2cfa4 elementor-widget__width-initial elementor-widget-tablet__width-initial elementor-widget elementor-widget-heading\" data-id=\"3f2cfa4\" data-element_type=\"widget\" data-widget_type=\"heading.default\">\n\t\t\t\t\t<h1 class=\"elementor-heading-title elementor-size-default\">Successo<\/h1>\t\t\t\t<\/div>\n\t\t\t\t<div class=\"elementor-element elementor-element-0efae18 elementor-widget__width-initial elementor-widget elementor-widget-text-editor\" data-id=\"0efae18\" data-element_type=\"widget\" data-widget_type=\"text-editor.default\">\n\t\t\t\t\t\t\t\t\t<p>Siamo professionisti con ampia esperienza esecutiva in programmi di sviluppo della leadership e consulenza.<\/p>\t\t\t\t\t\t\t\t<\/div>\n\t\t\t\t<\/div>\n\t\t\t\t<\/div>\n\t\t<div class=\"elementor-element elementor-element-779d970 e-con-full e-flex e-con e-child\" data-id=\"779d970\" data-element_type=\"container\">\n\t\t<div class=\"elementor-element elementor-element-cc16a83 e-con-full e-flex e-con e-child\" data-id=\"cc16a83\" data-element_type=\"container\">\n\t\t\t\t<div class=\"elementor-element elementor-element-bf16080 elementor-widget__width-initial elementor-widget-tablet__width-initial elementor-widget elementor-widget-heading\" data-id=\"bf16080\" data-element_type=\"widget\" data-widget_type=\"heading.default\">\n\t\t\t\t\t<h1 class=\"elementor-heading-title elementor-size-default\">04.<\/h1>\t\t\t\t<\/div>\n\t\t\t\t<div class=\"elementor-element elementor-element-8c9a33f elementor-widget__width-initial elementor-widget-tablet__width-initial elementor-widget elementor-widget-heading\" data-id=\"8c9a33f\" data-element_type=\"widget\" data-widget_type=\"heading.default\">\n\t\t\t\t\t<h1 class=\"elementor-heading-title elementor-size-default\">Obiettivi<\/h1>\t\t\t\t<\/div>\n\t\t\t\t<div class=\"elementor-element elementor-element-3124e00 elementor-widget__width-initial elementor-widget elementor-widget-text-editor\" data-id=\"3124e00\" data-element_type=\"widget\" data-widget_type=\"text-editor.default\">\n\t\t\t\t\t\t\t\t\t<p>Siamo leader nella progettazione ed esecuzione di workshop, progetti di consulenza e programmi di mentoring\/coaching.<\/p>\t\t\t\t\t\t\t\t<\/div>\n\t\t\t\t<\/div>\n\t\t<div class=\"elementor-element elementor-element-3be6730 e-con-full e-flex e-con e-child\" data-id=\"3be6730\" data-element_type=\"container\">\n\t\t\t\t<div class=\"elementor-element elementor-element-daa3bda elementor-widget__width-initial elementor-widget-tablet__width-initial elementor-widget elementor-widget-heading\" data-id=\"daa3bda\" data-element_type=\"widget\" data-widget_type=\"heading.default\">\n\t\t\t\t\t<h1 class=\"elementor-heading-title elementor-size-default\">05.<\/h1>\t\t\t\t<\/div>\n\t\t\t\t<div class=\"elementor-element elementor-element-d665926 elementor-widget__width-initial elementor-widget-tablet__width-initial elementor-widget elementor-widget-heading\" data-id=\"d665926\" data-element_type=\"widget\" data-widget_type=\"heading.default\">\n\t\t\t\t\t<h1 class=\"elementor-heading-title elementor-size-default\">Strategie<\/h1>\t\t\t\t<\/div>\n\t\t\t\t<div class=\"elementor-element elementor-element-2fbb7a4 elementor-widget__width-initial elementor-widget elementor-widget-text-editor\" data-id=\"2fbb7a4\" data-element_type=\"widget\" data-widget_type=\"text-editor.default\">\n\t\t\t\t\t\t\t\t\t<p>La nostra strategia \u00e8 molto semplice: i nostri partner sono al centro di tutto ci\u00f2 che facciamo.<\/p>\t\t\t\t\t\t\t\t<\/div>\n\t\t\t\t<\/div>\n\t\t<div class=\"elementor-element elementor-element-7c2e770 e-con-full e-flex e-con e-child\" data-id=\"7c2e770\" data-element_type=\"container\">\n\t\t\t\t<div class=\"elementor-element elementor-element-73b93c4 elementor-widget__width-initial elementor-widget-tablet__width-initial elementor-widget elementor-widget-heading\" data-id=\"73b93c4\" data-element_type=\"widget\" data-widget_type=\"heading.default\">\n\t\t\t\t\t<h1 class=\"elementor-heading-title elementor-size-default\">06.<\/h1>\t\t\t\t<\/div>\n\t\t\t\t<div class=\"elementor-element elementor-element-9446773 elementor-widget__width-initial elementor-widget-tablet__width-initial elementor-widget elementor-widget-heading\" data-id=\"9446773\" data-element_type=\"widget\" data-widget_type=\"heading.default\">\n\t\t\t\t\t<h1 class=\"elementor-heading-title elementor-size-default\">Virtualit\u00e0<\/h1>\t\t\t\t<\/div>\n\t\t\t\t<div class=\"elementor-element elementor-element-d50bfe6 elementor-widget__width-initial elementor-widget elementor-widget-text-editor\" data-id=\"d50bfe6\" data-element_type=\"widget\" data-widget_type=\"text-editor.default\">\n\t\t\t\t\t\t\t\t\t<p>La nostra piattaforma virtuale garantisce lo sviluppo continuo delle competenze nel tempo.<\/p>\t\t\t\t\t\t\t\t<\/div>\n\t\t\t\t<\/div>\n\t\t\t\t<\/div>\n\t\t\t\t\t<\/div>\n\t\t\t\t<\/div>\n\t\t<div class=\"elementor-element elementor-element-b38372d e-flex e-con-boxed e-con e-parent\" data-id=\"b38372d\" data-element_type=\"container\" data-settings=\"{&quot;background_background&quot;:&quot;classic&quot;}\">\n\t\t\t\t\t<div class=\"e-con-inner\">\n\t\t<div class=\"elementor-element elementor-element-6405117 e-con-full e-flex e-con e-child\" data-id=\"6405117\" data-element_type=\"container\">\n\t\t\t\t<div class=\"elementor-element elementor-element-8c5dd22 elementor-widget elementor-widget-image\" data-id=\"8c5dd22\" data-element_type=\"widget\" data-widget_type=\"image.default\">\n\t\t\t\t\t\t\t\t\t\t\t\t\t\t\t<img decoding=\"async\" width=\"1500\" height=\"1282\" src=\"https:\/\/crc-consulting.lat\/wp-content\/uploads\/2025\/09\/Foto-Manuel-02.png\" class=\"attachment-full size-full wp-image-798\" alt=\"\" srcset=\"https:\/\/crc-consulting.lat\/wp-content\/uploads\/2025\/09\/Foto-Manuel-02.png 1500w, https:\/\/crc-consulting.lat\/wp-content\/uploads\/2025\/09\/Foto-Manuel-02-300x256.png 300w, https:\/\/crc-consulting.lat\/wp-content\/uploads\/2025\/09\/Foto-Manuel-02-1024x875.png 1024w, https:\/\/crc-consulting.lat\/wp-content\/uploads\/2025\/09\/Foto-Manuel-02-768x656.png 768w, https:\/\/crc-consulting.lat\/wp-content\/uploads\/2025\/09\/Foto-Manuel-02-14x12.png 14w\" sizes=\"(max-width: 1500px) 100vw, 1500px\" \/>\t\t\t\t\t\t\t\t\t\t\t\t\t\t\t<\/div>\n\t\t\t\t<\/div>\n\t\t<div class=\"elementor-element elementor-element-dd975ca e-con-full e-flex e-con e-child\" data-id=\"dd975ca\" data-element_type=\"container\">\n\t\t\t\t<div class=\"elementor-element elementor-element-23cf599 elementor-widget__width-inherit elementor-widget-tablet__width-initial elementor-widget elementor-widget-heading\" data-id=\"23cf599\" data-element_type=\"widget\" data-widget_type=\"heading.default\">\n\t\t\t\t\t<h1 class=\"elementor-heading-title elementor-size-default\">Fondatore<\/h1>\t\t\t\t<\/div>\n\t\t\t\t<div class=\"elementor-element elementor-element-da7590c elementor-widget__width-inherit elementor-widget-tablet__width-initial elementor-widget elementor-widget-heading\" data-id=\"da7590c\" data-element_type=\"widget\" data-widget_type=\"heading.default\">\n\t\t\t\t\t<h1 class=\"elementor-heading-title elementor-size-default\">Manuel Carpio-Rivero D'Angelo<\/h1>\t\t\t\t<\/div>\n\t\t\t\t<div class=\"elementor-element elementor-element-f8032a0 elementor-widget__width-inherit elementor-widget elementor-widget-text-editor\" data-id=\"f8032a0\" data-element_type=\"widget\" data-widget_type=\"text-editor.default\">\n\t\t\t\t\t\t\t\t\t<p>Dirigente, consulente e docente universitario con oltre 25 anni di esperienza in Sviluppo della Leadership, Strategia e Supply Chain Management. Ha ricoperto incarichi manageriali in multinazionali come Royal Dutch Shell (Regno Unito, Spagna e Italia), Repsol Per\u00f9, Pluspetrol e Sodexo, dove \u00e8 stato CEO per il segmento Energy &amp; Resources.<\/p><p>\u00a0<\/p><p>Attualmente \u00e8 docente in diverse universit\u00e0, mentore e consulente per organizzazioni di alto livello, nonch\u00e9 CEO &amp; Fondatore di CRC Strategic Management Consulting. La sua esperienza si concentra su leadership, gestione dei talenti, negoziazione, risoluzione dei conflitti e trasformazione culturale.<\/p><p>\u00a0<\/p><p>\u00c8 laureato in Amministrazione presso la Universidad del Pac\u00edfico, con un MBA alla Durham University (Regno Unito), un post-laurea in Supply Chain Management alla Cranfield University e una specializzazione in Sviluppo Manageriale presso l\u2019IAE (Argentina). Inoltre, ha completato il General Management Program di Harvard University ed \u00e8 Coach Ontologico certificato presso la Scuola Asersentido.<\/p>\t\t\t\t\t\t\t\t<\/div>\n\t\t\t\t<\/div>\n\t\t\t\t\t<\/div>\n\t\t\t\t<\/div>\n\t\t<div class=\"elementor-element elementor-element-6099321 e-flex e-con-boxed e-con e-parent\" data-id=\"6099321\" data-element_type=\"container\" data-settings=\"{&quot;background_background&quot;:&quot;classic&quot;}\">\n\t\t\t\t\t<div class=\"e-con-inner\">\n\t\t<div class=\"elementor-element elementor-element-f0ec4c7 e-con-full e-flex e-con e-child\" data-id=\"f0ec4c7\" data-element_type=\"container\">\n\t\t\t\t<div class=\"elementor-element elementor-element-9fb57c1 elementor-widget__width-inherit elementor-widget-tablet__width-initial elementor-widget elementor-widget-heading\" data-id=\"9fb57c1\" data-element_type=\"widget\" data-widget_type=\"heading.default\">\n\t\t\t\t\t<h1 class=\"elementor-heading-title elementor-size-default\">Partner che si affidano a noi<\/h1>\t\t\t\t<\/div>\n\t\t\t\t<\/div>\n\t\t<div class=\"elementor-element elementor-element-57836e7 e-con-full e-flex e-con e-child\" data-id=\"57836e7\" data-element_type=\"container\">\n\t\t\t\t<div class=\"elementor-element elementor-element-f3e1e07 elementor-arrows-position-outside elementor-widget elementor-widget-image-carousel\" data-id=\"f3e1e07\" data-element_type=\"widget\" data-settings=\"{&quot;slides_to_show&quot;:&quot;6&quot;,&quot;slides_to_show_tablet&quot;:&quot;3&quot;,&quot;slides_to_show_mobile&quot;:&quot;2&quot;,&quot;navigation&quot;:&quot;arrows&quot;,&quot;autoplay&quot;:&quot;yes&quot;,&quot;pause_on_hover&quot;:&quot;yes&quot;,&quot;pause_on_interaction&quot;:&quot;yes&quot;,&quot;autoplay_speed&quot;:5000,&quot;infinite&quot;:&quot;yes&quot;,&quot;speed&quot;:500}\" data-widget_type=\"image-carousel.default\">\n\t\t\t\t\t\t\t<div class=\"elementor-image-carousel-wrapper swiper\" role=\"region\" aria-roledescription=\"carousel\" aria-label=\"Image Carousel\" dir=\"ltr\">\n\t\t\t<div class=\"elementor-image-carousel swiper-wrapper swiper-image-stretch\" aria-live=\"off\">\n\t\t\t\t\t\t\t\t<div class=\"swiper-slide\" role=\"group\" aria-roledescription=\"slide\" aria-label=\"1 di 15\"><figure class=\"swiper-slide-inner\"><img decoding=\"async\" class=\"swiper-slide-image\" src=\"https:\/\/crc-consulting.lat\/wp-content\/uploads\/2025\/09\/Logos-121.png\" alt=\"Logos-12(1)\" \/><\/figure><\/div><div class=\"swiper-slide\" role=\"group\" aria-roledescription=\"slide\" aria-label=\"2 di 15\"><figure class=\"swiper-slide-inner\"><img decoding=\"async\" class=\"swiper-slide-image\" src=\"https:\/\/crc-consulting.lat\/wp-content\/uploads\/2025\/09\/Logos-131.png\" alt=\"Logos-13(1)\" \/><\/figure><\/div><div class=\"swiper-slide\" role=\"group\" aria-roledescription=\"slide\" aria-label=\"3 di 15\"><figure class=\"swiper-slide-inner\"><img decoding=\"async\" class=\"swiper-slide-image\" src=\"https:\/\/crc-consulting.lat\/wp-content\/uploads\/2025\/09\/Logos-141.png\" alt=\"Logos-14(1)\" \/><\/figure><\/div><div class=\"swiper-slide\" role=\"group\" aria-roledescription=\"slide\" aria-label=\"4 di 15\"><figure class=\"swiper-slide-inner\"><img decoding=\"async\" class=\"swiper-slide-image\" src=\"https:\/\/crc-consulting.lat\/wp-content\/uploads\/2025\/09\/Logos-151.png\" alt=\"Logos-15(1)\" \/><\/figure><\/div><div class=\"swiper-slide\" role=\"group\" aria-roledescription=\"slide\" aria-label=\"5 di 15\"><figure class=\"swiper-slide-inner\"><img decoding=\"async\" class=\"swiper-slide-image\" src=\"https:\/\/crc-consulting.lat\/wp-content\/uploads\/2025\/09\/Logos-011.png\" alt=\"Logos-01(1)\" \/><\/figure><\/div><div class=\"swiper-slide\" role=\"group\" aria-roledescription=\"slide\" aria-label=\"6 di 15\"><figure class=\"swiper-slide-inner\"><img decoding=\"async\" class=\"swiper-slide-image\" src=\"https:\/\/crc-consulting.lat\/wp-content\/uploads\/2025\/09\/Logos-021.png\" alt=\"Logos-02(1)\" \/><\/figure><\/div><div class=\"swiper-slide\" role=\"group\" aria-roledescription=\"slide\" aria-label=\"7 di 15\"><figure class=\"swiper-slide-inner\"><img decoding=\"async\" class=\"swiper-slide-image\" src=\"https:\/\/crc-consulting.lat\/wp-content\/uploads\/2025\/09\/Logos-031.png\" alt=\"Logos-03(1)\" \/><\/figure><\/div><div class=\"swiper-slide\" role=\"group\" aria-roledescription=\"slide\" aria-label=\"8 di 15\"><figure class=\"swiper-slide-inner\"><img decoding=\"async\" class=\"swiper-slide-image\" src=\"https:\/\/crc-consulting.lat\/wp-content\/uploads\/2025\/09\/Logos-041.png\" alt=\"Logos-04(1)\" \/><\/figure><\/div><div class=\"swiper-slide\" role=\"group\" aria-roledescription=\"slide\" aria-label=\"9 di 15\"><figure class=\"swiper-slide-inner\"><img decoding=\"async\" class=\"swiper-slide-image\" src=\"https:\/\/crc-consulting.lat\/wp-content\/uploads\/2025\/09\/Logos-051.png\" alt=\"Logos-05(1)\" \/><\/figure><\/div><div class=\"swiper-slide\" role=\"group\" aria-roledescription=\"slide\" aria-label=\"10 di 15\"><figure class=\"swiper-slide-inner\"><img decoding=\"async\" class=\"swiper-slide-image\" src=\"https:\/\/crc-consulting.lat\/wp-content\/uploads\/2025\/09\/Logos-061.png\" alt=\"Logos-06(1)\" \/><\/figure><\/div><div class=\"swiper-slide\" role=\"group\" aria-roledescription=\"slide\" aria-label=\"11 di 15\"><figure class=\"swiper-slide-inner\"><img decoding=\"async\" class=\"swiper-slide-image\" src=\"https:\/\/crc-consulting.lat\/wp-content\/uploads\/2025\/09\/Logos-071.png\" alt=\"Logos-07(1)\" \/><\/figure><\/div><div class=\"swiper-slide\" role=\"group\" aria-roledescription=\"slide\" aria-label=\"12 di 15\"><figure class=\"swiper-slide-inner\"><img decoding=\"async\" class=\"swiper-slide-image\" src=\"https:\/\/crc-consulting.lat\/wp-content\/uploads\/2025\/09\/Logos-081.png\" alt=\"Logos-08(1)\" \/><\/figure><\/div><div class=\"swiper-slide\" role=\"group\" aria-roledescription=\"slide\" aria-label=\"13 di 15\"><figure class=\"swiper-slide-inner\"><img decoding=\"async\" class=\"swiper-slide-image\" src=\"https:\/\/crc-consulting.lat\/wp-content\/uploads\/2025\/09\/Logos-091.png\" alt=\"Logos-09(1)\" \/><\/figure><\/div><div class=\"swiper-slide\" role=\"group\" aria-roledescription=\"slide\" aria-label=\"14 di 15\"><figure class=\"swiper-slide-inner\"><img decoding=\"async\" class=\"swiper-slide-image\" src=\"https:\/\/crc-consulting.lat\/wp-content\/uploads\/2025\/09\/Logos-101.png\" alt=\"Logos-10(1)\" \/><\/figure><\/div><div class=\"swiper-slide\" role=\"group\" aria-roledescription=\"slide\" aria-label=\"15 di 15\"><figure class=\"swiper-slide-inner\"><img decoding=\"async\" class=\"swiper-slide-image\" src=\"https:\/\/crc-consulting.lat\/wp-content\/uploads\/2025\/09\/Logos-111.png\" alt=\"Logos-11(1)\" \/><\/figure><\/div>\t\t\t<\/div>\n\t\t\t\t\t\t\t\t\t\t\t\t<div class=\"elementor-swiper-button elementor-swiper-button-prev\" role=\"button\" tabindex=\"0\">\n\t\t\t\t\t\t<svg aria-hidden=\"true\" class=\"e-font-icon-svg e-eicon-chevron-left\" viewbox=\"0 0 1000 1000\" xmlns=\"http:\/\/www.w3.org\/2000\/svg\"><path d=\"M646 125C629 125 613 133 604 142L308 442C296 454 292 471 292 487 292 504 296 521 308 533L604 854C617 867 629 875 646 875 663 875 679 871 692 858 704 846 713 829 713 812 713 796 708 779 692 767L438 487 692 225C700 217 708 204 708 187 708 171 704 154 692 142 675 129 663 125 646 125Z\"><\/path><\/svg>\t\t\t\t\t<\/div>\n\t\t\t\t\t<div class=\"elementor-swiper-button elementor-swiper-button-next\" role=\"button\" tabindex=\"0\">\n\t\t\t\t\t\t<svg aria-hidden=\"true\" class=\"e-font-icon-svg e-eicon-chevron-right\" viewbox=\"0 0 1000 1000\" xmlns=\"http:\/\/www.w3.org\/2000\/svg\"><path d=\"M696 533C708 521 713 504 713 487 713 471 708 454 696 446L400 146C388 133 375 125 354 125 338 125 325 129 313 142 300 154 292 171 292 187 292 204 296 221 308 233L563 492 304 771C292 783 288 800 288 817 288 833 296 850 308 863 321 871 338 875 354 875 371 875 388 867 400 854L696 533Z\"><\/path><\/svg>\t\t\t\t\t<\/div>\n\t\t\t\t\n\t\t\t\t\t\t\t\t\t<\/div>\n\t\t\t\t\t\t<\/div>\n\t\t\t\t<\/div>\n\t\t\t\t\t<\/div>\n\t\t\t\t<\/div>\n\t\t\t\t<\/div>","protected":false},"excerpt":{"rendered":"<p>Quienes somos Ver servicios Contacto \u00bfQui\u00e9nes somos? Somos un equipo de profesionales con mucha experiencia en Consultor\u00eda y Educaci\u00f3n Ejecutiva, especializados en Habilidades Directivas, Supply Chain Management, y Planeamiento estrat\u00e9gico. Contamos con una aplmia trayectoria en el mundo corporativo y acad\u00e9mico, lo que nos permite entender los desaf\u00edos de nuestros clientes y generar valor en [&hellip;]<\/p>","protected":false},"author":1,"featured_media":0,"parent":0,"menu_order":0,"comment_status":"closed","ping_status":"closed","template":"","meta":{"_acf_changed":false,"footnotes":""},"class_list":["post-388","page","type-page","status-publish","hentry"],"acf":[],"_links":{"self":[{"href":"https:\/\/crc-consulting.lat\/it\/wp-json\/wp\/v2\/pages\/388","targetHints":{"allow":["GET"]}}],"collection":[{"href":"https:\/\/crc-consulting.lat\/it\/wp-json\/wp\/v2\/pages"}],"about":[{"href":"https:\/\/crc-consulting.lat\/it\/wp-json\/wp\/v2\/types\/page"}],"author":[{"embeddable":true,"href":"https:\/\/crc-consulting.lat\/it\/wp-json\/wp\/v2\/users\/1"}],"replies":[{"embeddable":true,"href":"https:\/\/crc-consulting.lat\/it\/wp-json\/wp\/v2\/comments?post=388"}],"version-history":[{"count":0,"href":"https:\/\/crc-consulting.lat\/it\/wp-json\/wp\/v2\/pages\/388\/revisions"}],"wp:attachment":[{"href":"https:\/\/crc-consulting.lat\/it\/wp-json\/wp\/v2\/media?parent=388"}],"curies":[{"name":"wp","href":"https:\/\/api.w.org\/{rel}","templated":true}]}}