{"id":461,"date":"2025-09-22T23:09:03","date_gmt":"2025-09-22T23:09:03","guid":{"rendered":"https:\/\/crc-consulting.lat\/?page_id=461"},"modified":"2025-11-07T22:19:52","modified_gmt":"2025-11-07T22:19:52","slug":"consultoria-estrategica","status":"publish","type":"page","link":"https:\/\/crc-consulting.lat\/en\/consultoria-estrategica\/","title":{"rendered":"Strategic Consulting"},"content":{"rendered":"<div data-elementor-type=\"wp-page\" data-elementor-id=\"461\" class=\"elementor elementor-461\" data-elementor-post-type=\"page\">\n\t\t\t\t<div class=\"elementor-element elementor-element-9d8fb5d e-con-full e-flex e-con e-parent\" data-id=\"9d8fb5d\" data-element_type=\"container\" data-settings=\"{&quot;background_background&quot;:&quot;classic&quot;}\">\n\t\t\t\t<div class=\"elementor-element elementor-element-c5e3101 elementor-widget__width-initial elementor-widget-tablet__width-initial elementor-widget elementor-widget-heading\" data-id=\"c5e3101\" data-element_type=\"widget\" data-widget_type=\"heading.default\">\n\t\t\t\t\t<h1 class=\"elementor-heading-title elementor-size-default\">Strategic Consulting<\/h1>\t\t\t\t<\/div>\n\t\t<div class=\"elementor-element elementor-element-7b52604 e-con-full e-flex e-con e-child\" data-id=\"7b52604\" data-element_type=\"container\">\n\t\t\t\t<div class=\"elementor-element elementor-element-c50702f elementor-align-center elementor-widget elementor-widget-button\" data-id=\"c50702f\" data-element_type=\"widget\" data-widget_type=\"button.default\">\n\t\t\t\t\t\t\t\t\t\t<a class=\"elementor-button elementor-button-link elementor-size-sm\" href=\"https:\/\/crc-consulting.lat\/#servicios\">\n\t\t\t\t\t\t<span class=\"elementor-button-content-wrapper\">\n\t\t\t\t\t\t\t\t\t<span class=\"elementor-button-text\">View services<\/span>\n\t\t\t\t\t<\/span>\n\t\t\t\t\t<\/a>\n\t\t\t\t\t\t\t\t<\/div>\n\t\t\t\t<div class=\"elementor-element elementor-element-2a90b32 elementor-align-center elementor-widget elementor-widget-button\" data-id=\"2a90b32\" data-element_type=\"widget\" data-widget_type=\"button.default\">\n\t\t\t\t\t\t\t\t\t\t<a class=\"elementor-button elementor-button-link elementor-size-sm\" href=\"https:\/\/crc-consulting.lat\/index.php\/contacto\/\">\n\t\t\t\t\t\t<span class=\"elementor-button-content-wrapper\">\n\t\t\t\t\t\t\t\t\t<span class=\"elementor-button-text\">Contact us<\/span>\n\t\t\t\t\t<\/span>\n\t\t\t\t\t<\/a>\n\t\t\t\t\t\t\t\t<\/div>\n\t\t\t\t<\/div>\n\t\t\t\t<\/div>\n\t\t<div class=\"elementor-element elementor-element-2a46323 e-flex e-con-boxed e-con e-parent\" data-id=\"2a46323\" data-element_type=\"container\" data-settings=\"{&quot;background_background&quot;:&quot;classic&quot;}\">\n\t\t\t\t\t<div class=\"e-con-inner\">\n\t\t<div class=\"elementor-element elementor-element-223777e e-con-full e-flex e-con e-child\" data-id=\"223777e\" data-element_type=\"container\">\n\t\t\t\t<div class=\"elementor-element elementor-element-1407f83 elementor-widget__width-inherit elementor-widget elementor-widget-text-editor\" data-id=\"1407f83\" data-element_type=\"widget\" data-widget_type=\"text-editor.default\">\n\t\t\t\t\t\t\t\t\t<p>Organizational transformation requires strategic clarity and execution capacity. At CRC, we support companies and boards in defining and deploying their strategy, from purpose to action plans.<\/p>\t\t\t\t\t\t\t\t<\/div>\n\t\t\t\t<\/div>\n\t\t\t\t\t<\/div>\n\t\t\t\t<\/div>\n\t\t<div class=\"elementor-element elementor-element-c0f0442 e-flex e-con-boxed e-con e-parent\" data-id=\"c0f0442\" data-element_type=\"container\" data-settings=\"{&quot;background_background&quot;:&quot;classic&quot;}\">\n\t\t\t\t\t<div class=\"e-con-inner\">\n\t\t<div class=\"elementor-element elementor-element-2082081 e-con-full e-flex e-con e-child\" data-id=\"2082081\" data-element_type=\"container\">\n\t\t<div class=\"elementor-element elementor-element-fcc7ee3 e-con-full e-flex e-con e-child\" data-id=\"fcc7ee3\" data-element_type=\"container\">\n\t\t\t\t<div class=\"elementor-element elementor-element-329f31d elementor-widget__width-initial elementor-widget elementor-widget-image\" data-id=\"329f31d\" data-element_type=\"widget\" data-widget_type=\"image.default\">\n\t\t\t\t\t\t\t\t\t\t\t\t\t\t\t<img decoding=\"async\" width=\"61\" height=\"57\" src=\"https:\/\/crc-consulting.lat\/wp-content\/uploads\/2025\/09\/inter-icon3.svg\" class=\"attachment-large size-large wp-image-180\" alt=\"\" \/>\t\t\t\t\t\t\t\t\t\t\t\t\t\t\t<\/div>\n\t\t\t\t<div class=\"elementor-element elementor-element-de3f842 elementor-widget__width-inherit elementor-widget-tablet__width-initial elementor-widget elementor-widget-heading\" data-id=\"de3f842\" data-element_type=\"widget\" data-widget_type=\"heading.default\">\n\t\t\t\t\t<h1 class=\"elementor-heading-title elementor-size-default\">Estratega Model<\/h1>\t\t\t\t<\/div>\n\t\t\t\t<div class=\"elementor-element elementor-element-b74490b elementor-widget__width-inherit elementor-widget-tablet__width-initial elementor-widget elementor-widget-heading\" data-id=\"b74490b\" data-element_type=\"widget\" data-widget_type=\"heading.default\">\n\t\t\t\t\t<h1 class=\"elementor-heading-title elementor-size-default\">Strategic Consulting<\/h1>\t\t\t\t<\/div>\n\t\t\t\t<div class=\"elementor-element elementor-element-6d801c0 elementor-widget__width-inherit elementor-widget elementor-widget-text-editor\" data-id=\"6d801c0\" data-element_type=\"widget\" data-widget_type=\"text-editor.default\">\n\t\t\t\t\t\t\t\t\tThe Estratega Model goes beyond designing strategic plans. Our approach integrates long-term vision with the optimization of the organization\u2019s key components, ensuring both strategic clarity and execution capacity.\t\t\t\t\t\t\t\t<\/div>\n\t\t\t\t<\/div>\n\t\t<div class=\"elementor-element elementor-element-8dfdfca e-con-full e-flex e-con e-child\" data-id=\"8dfdfca\" data-element_type=\"container\">\n\t\t\t\t<div class=\"elementor-element elementor-element-8219e0c elementor-widget__width-initial elementor-widget elementor-widget-html\" data-id=\"8219e0c\" data-element_type=\"widget\" data-widget_type=\"html.default\">\n\t\t\t\t\t<img decoding=\"async\" \r\n  class=\"traducible-imagen-2\" \r\n  src=\"https:\/\/crc-consulting.lat\/wp-content\/uploads\/2025\/10\/modelo-estratega-es.webp\" \r\n  alt=\"Descripci\u00f3n de la imagen\"\r\n  style=\"width: 100%; height: auto; display: block;\"\r\n>\t\t\t\t<\/div>\n\t\t<div class=\"elementor-element elementor-element-524c24b e-con-full e-flex e-con e-child\" data-id=\"524c24b\" data-element_type=\"container\" data-settings=\"{&quot;background_background&quot;:&quot;classic&quot;}\">\n\t\t<div class=\"elementor-element elementor-element-3e75f7d e-con-full e-flex e-con e-child\" data-id=\"3e75f7d\" data-element_type=\"container\">\n\t\t\t\t<div class=\"elementor-element elementor-element-6b5da20 elementor-widget-tablet__width-initial elementor-widget elementor-widget-heading\" data-id=\"6b5da20\" data-element_type=\"widget\" data-widget_type=\"heading.default\">\n\t\t\t\t\t<h1 class=\"elementor-heading-title elementor-size-default\">Result<\/h1>\t\t\t\t<\/div>\n\t\t\t\t<\/div>\n\t\t<div class=\"elementor-element elementor-element-247e00e e-con-full e-flex e-con e-child\" data-id=\"247e00e\" data-element_type=\"container\">\n\t\t\t\t<div class=\"elementor-element elementor-element-0e41608 elementor-widget__width-initial elementor-widget-tablet__width-initial elementor-widget elementor-widget-text-editor\" data-id=\"0e41608\" data-element_type=\"widget\" data-widget_type=\"text-editor.default\">\n\t\t\t\t\t\t\t\t\t<p>Organizations with a clear vision, efficient processes, and structures that transform strategy into measurable impact.<\/p>\t\t\t\t\t\t\t\t<\/div>\n\t\t\t\t<\/div>\n\t\t\t\t<\/div>\n\t\t\t\t<\/div>\n\t\t\t\t<\/div>\n\t\t\t\t\t<\/div>\n\t\t\t\t<\/div>\n\t\t<div class=\"elementor-element elementor-element-02eada8 e-flex e-con-boxed e-con e-parent\" data-id=\"02eada8\" data-element_type=\"container\" data-settings=\"{&quot;background_background&quot;:&quot;classic&quot;}\">\n\t\t\t\t\t<div class=\"e-con-inner\">\n\t\t<div class=\"elementor-element elementor-element-50d3ac0 e-con-full e-flex e-con e-child\" data-id=\"50d3ac0\" data-element_type=\"container\">\n\t\t\t\t<div class=\"elementor-element elementor-element-d9b5151 elementor-widget__width-inherit elementor-widget elementor-widget-text-editor\" data-id=\"d9b5151\" data-element_type=\"widget\" data-widget_type=\"text-editor.default\">\n\t\t\t\t\t\t\t\t\t<p>We combine world-class methodologies with hands-on experience across multiple industries, enabling us to deliver precise diagnostics and comprehensive solutions.<\/p><p>\u00a0<\/p><p>We work collaboratively, facilitating processes that strengthen strategic thinking, decision-making, and team alignment. Our goal: to generate sustainable competitive advantages that prepare organizations to face the challenges of today and tomorrow.<\/p>\t\t\t\t\t\t\t\t<\/div>\n\t\t\t\t<\/div>\n\t\t<div class=\"elementor-element elementor-element-0f0fbd0 e-con-full e-flex e-con e-child\" data-id=\"0f0fbd0\" data-element_type=\"container\">\n\t\t\t\t<div class=\"elementor-element elementor-element-0df02fb elementor-widget elementor-widget-image\" data-id=\"0df02fb\" data-element_type=\"widget\" data-widget_type=\"image.default\">\n\t\t\t\t\t\t\t\t\t\t\t\t\t\t\t<img fetchpriority=\"high\" decoding=\"async\" width=\"800\" height=\"521\" src=\"https:\/\/crc-consulting.lat\/wp-content\/uploads\/2025\/09\/consultoria-02-1024x667.jpeg\" class=\"attachment-large size-large wp-image-854\" alt=\"\" srcset=\"https:\/\/crc-consulting.lat\/wp-content\/uploads\/2025\/09\/consultoria-02-1024x667.jpeg 1024w, https:\/\/crc-consulting.lat\/wp-content\/uploads\/2025\/09\/consultoria-02-300x195.jpeg 300w, https:\/\/crc-consulting.lat\/wp-content\/uploads\/2025\/09\/consultoria-02-768x500.jpeg 768w, https:\/\/crc-consulting.lat\/wp-content\/uploads\/2025\/09\/consultoria-02-1536x1000.jpeg 1536w, https:\/\/crc-consulting.lat\/wp-content\/uploads\/2025\/09\/consultoria-02-18x12.jpeg 18w, https:\/\/crc-consulting.lat\/wp-content\/uploads\/2025\/09\/consultoria-02.jpeg 1573w\" sizes=\"(max-width: 800px) 100vw, 800px\" \/>\t\t\t\t\t\t\t\t\t\t\t\t\t\t\t<\/div>\n\t\t\t\t<\/div>\n\t\t\t\t\t<\/div>\n\t\t\t\t<\/div>\n\t\t\t\t<\/div>","protected":false},"excerpt":{"rendered":"<p>Consultor\u00eda Estrat\u00e9gica Ver servicios Contacto La transformaci\u00f3n de una organizaci\u00f3n exige claridad estrat\u00e9gica y capacidad de ejecuci\u00f3n. En CRC acompa\u00f1amos a empresas y directorios en la definici\u00f3n y despliegue de su estrategia, desde el prop\u00f3sito hasta los planes de acci\u00f3n. Modelo Estratega Consultor\u00eda Estrat\u00e9gica El Modelo Estratega va m\u00e1s all\u00e1 del dise\u00f1o de planes estrat\u00e9gicos. [&hellip;]<\/p>","protected":false},"author":1,"featured_media":0,"parent":0,"menu_order":0,"comment_status":"closed","ping_status":"closed","template":"","meta":{"_acf_changed":false,"footnotes":""},"class_list":["post-461","page","type-page","status-publish","hentry"],"acf":[],"_links":{"self":[{"href":"https:\/\/crc-consulting.lat\/en\/wp-json\/wp\/v2\/pages\/461","targetHints":{"allow":["GET"]}}],"collection":[{"href":"https:\/\/crc-consulting.lat\/en\/wp-json\/wp\/v2\/pages"}],"about":[{"href":"https:\/\/crc-consulting.lat\/en\/wp-json\/wp\/v2\/types\/page"}],"author":[{"embeddable":true,"href":"https:\/\/crc-consulting.lat\/en\/wp-json\/wp\/v2\/users\/1"}],"replies":[{"embeddable":true,"href":"https:\/\/crc-consulting.lat\/en\/wp-json\/wp\/v2\/comments?post=461"}],"version-history":[{"count":18,"href":"https:\/\/crc-consulting.lat\/en\/wp-json\/wp\/v2\/pages\/461\/revisions"}],"predecessor-version":[{"id":1251,"href":"https:\/\/crc-consulting.lat\/en\/wp-json\/wp\/v2\/pages\/461\/revisions\/1251"}],"wp:attachment":[{"href":"https:\/\/crc-consulting.lat\/en\/wp-json\/wp\/v2\/media?parent=461"}],"curies":[{"name":"wp","href":"https:\/\/api.w.org\/{rel}","templated":true}]}}